{"id":532,"date":"2024-09-05T16:35:35","date_gmt":"2024-09-05T16:35:35","guid":{"rendered":"https:\/\/sonex-energie.com\/?page_id=532"},"modified":"2024-09-13T12:36:36","modified_gmt":"2024-09-13T12:36:36","slug":"impressumn","status":"publish","type":"page","link":"https:\/\/sonex-energie.com\/?page_id=532","title":{"rendered":"Impressum"},"content":{"rendered":"<p>&nbsp;<\/p>\n<h4><strong>IMPRESSUM<\/strong><\/h4>\n<p>&nbsp;<\/p>\n<p>Informationspflicht laut \u00a75 E-Commerce Gesetz, \u00a763 Gewerbeordnung und \u00a725 Abs 5 Medien Gesetz<\/p>\n<p>&nbsp;<\/p>\n<p>SONEX ENERGIE Gesellschaft m.b.H.<br \/>\nTelefon: +43 4232 4460 1000<br \/>\nE-Mail: info@sonex-energie.com<\/p>\n<p>&nbsp;<\/p>\n<p>Unternehmensgegenstand: Energieerzeugung<br \/>\nVertretungsberechtigt: Udo Kollmann<br \/>\nFirmensitz: A-9100 V\u00f6lkermarkt Alfred-Nobel-Stra\u00dfe 1<br \/>\nFirmensitz: A-9100 V\u00f6lkermarkt Alfred-Nobel-Stra\u00dfe 1<\/p>\n<p>&nbsp;<\/p>\n<p>Umsatzsteueridentifikationsnummer (VAT): ATU57494759<br \/>\nFirmenbuchnummer: 241477p<br \/>\nFirmenbuchgericht: Klagenfurt<br \/>\nStaat der Zulassung: \u00d6sterreich<\/p>\n<p>&nbsp;<\/p>\n<p>Berufsrecht: Gewerbeordnung: www.ris.bka.gv.at<br \/>\nAufsichtsbeh\u00f6rde\/Gewerbebeh\u00f6rde: Bezirkshauptmannschaft V\u00f6lkermarkt<\/p>\n<p>&nbsp;<\/p>\n<p>Online-Beilegung verbraucherrechtlicher Streitigkeiten: Die Europ\u00e4ische Kommission hat eine Europ\u00e4ische Plattform zur Online-Streitbeilegung (\u201eOS-Plattform\u201c) bereitzustellen. Die OS-Plattform ist im Internet unter der Internet-Adresse http:\/\/ec.europa.eu\/consumers\/odr\/ abrufbar. Unsere E-Mail-Adresse, mit der Sie mit uns Kontakt aufnehmen k\u00f6nnen, lautet info@sonex-energie.com<\/p>\n<p>&nbsp;<\/p>\n","protected":false},"excerpt":{"rendered":"<p>&nbsp; IMPRESSUM &nbsp; Informationspflicht laut \u00a75 E-Commerce Gesetz, \u00a763 Gewerbeordnung und \u00a725 Abs 5 Medien Gesetz &nbsp; SONEX ENERGIE Gesellschaft m.b.H. Telefon: +43 4232 4460 1000 E-Mail: info@sonex-energie.com &nbsp; Unternehmensgegenstand: Energieerzeugung Vertretungsberechtigt: Udo Kollmann Firmensitz: A-9100 V\u00f6lkermarkt Alfred-Nobel-Stra\u00dfe 1 Firmensitz: A-9100 V\u00f6lkermarkt Alfred-Nobel-Stra\u00dfe 1 &nbsp; Umsatzsteueridentifikationsnummer (VAT): ATU57494759 Firmenbuchnummer: 241477p Firmenbuchgericht: Klagenfurt Staat der Zulassung: [&hellip;]<\/p>\n","protected":false},"author":3,"featured_media":0,"parent":7,"menu_order":0,"comment_status":"closed","ping_status":"closed","template":"page-no-title","meta":{"_uag_custom_page_level_css":"","footnotes":""},"class_list":["post-532","page","type-page","status-publish","hentry"],"uagb_featured_image_src":{"full":false,"thumbnail":false,"medium":false,"medium_large":false,"large":false,"1536x1536":false,"2048x2048":false},"uagb_author_info":{"display_name":"sxpeQ8","author_link":"https:\/\/sonex-energie.com\/?author=3"},"uagb_comment_info":0,"uagb_excerpt":"&nbsp; IMPRESSUM &nbsp; Informationspflicht laut \u00a75 E-Commerce Gesetz, \u00a763 Gewerbeordnung und \u00a725 Abs 5 Medien Gesetz &nbsp; SONEX ENERGIE Gesellschaft m.b.H. Telefon: +43 4232 4460 1000 E-Mail: info@sonex-energie.com &nbsp; Unternehmensgegenstand: Energieerzeugung Vertretungsberechtigt: Udo Kollmann Firmensitz: A-9100 V\u00f6lkermarkt Alfred-Nobel-Stra\u00dfe 1 Firmensitz: A-9100 V\u00f6lkermarkt Alfred-Nobel-Stra\u00dfe 1 &nbsp; Umsatzsteueridentifikationsnummer (VAT): ATU57494759 Firmenbuchnummer: 241477p Firmenbuchgericht: Klagenfurt Staat der Zulassung:&hellip;","_links":{"self":[{"href":"https:\/\/sonex-energie.com\/index.php?rest_route=\/wp\/v2\/pages\/532","targetHints":{"allow":["GET"]}}],"collection":[{"href":"https:\/\/sonex-energie.com\/index.php?rest_route=\/wp\/v2\/pages"}],"about":[{"href":"https:\/\/sonex-energie.com\/index.php?rest_route=\/wp\/v2\/types\/page"}],"author":[{"embeddable":true,"href":"https:\/\/sonex-energie.com\/index.php?rest_route=\/wp\/v2\/users\/3"}],"replies":[{"embeddable":true,"href":"https:\/\/sonex-energie.com\/index.php?rest_route=%2Fwp%2Fv2%2Fcomments&post=532"}],"version-history":[{"count":3,"href":"https:\/\/sonex-energie.com\/index.php?rest_route=\/wp\/v2\/pages\/532\/revisions"}],"predecessor-version":[{"id":1094,"href":"https:\/\/sonex-energie.com\/index.php?rest_route=\/wp\/v2\/pages\/532\/revisions\/1094"}],"up":[{"embeddable":true,"href":"https:\/\/sonex-energie.com\/index.php?rest_route=\/wp\/v2\/pages\/7"}],"wp:attachment":[{"href":"https:\/\/sonex-energie.com\/index.php?rest_route=%2Fwp%2Fv2%2Fmedia&parent=532"}],"curies":[{"name":"wp","href":"https:\/\/api.w.org\/{rel}","templated":true}]}}