{"id":468,"date":"2024-09-07T17:18:18","date_gmt":"2024-09-07T17:18:18","guid":{"rendered":"https:\/\/sonex-energie.com\/?page_id=64"},"modified":"2024-09-13T12:36:15","modified_gmt":"2024-09-13T12:36:15","slug":"datenschutzerklaerungn","status":"publish","type":"page","link":"https:\/\/sonex-energie.com\/?page_id=468","title":{"rendered":"Datenschutzerkl\u00e4rung"},"content":{"rendered":"<p>&nbsp;<\/p>\n<h4><strong>Datenschutzerkl\u00e4rung<\/strong><\/h4>\n<p>Stand: 26. Februar 2024<\/p>\n<p>&nbsp;<\/p>\n<h5><\/h5>\n<h5 style=\"text-align: left;\"><strong>Allgemeines<\/strong><\/h5>\n<p>&nbsp;<\/p>\n<p>Wir freuen uns, dass Sie unsere Website besuchen und bedanken uns f\u00fcr Ihr Interesse an unseren Leistungen. Als Betreiber dieser Website nehmen wie den Schutz Ihrer Daten sehr ernst.<\/p>\n<p>&nbsp;<\/p>\n<p>Wir erheben und verarbeiten Ihre personenbezogenen Daten vertraulich und entsprechend gesetzlicher Bestimmungen (Datenschutzgrundverordnung, Telekommunikationsgesetz 2003) sowie dieser Datenschutzerkl\u00e4rung.<br \/>\nIn dieser Datenschutzerkl\u00e4rung informieren wir Sie \u00fcber die wichtigsten Aspekte der Datenverarbeitung im Rahmen unserer Website.<\/p>\n<p>&nbsp;<\/p>\n<p>Personenbezogene Daten werden von uns grunds\u00e4tzlich nur im Rahmen der Erforderlichkeit sowie zum Zwecke der Bereitstellung eines funktionsf\u00e4higen und nutzerfreundlichen Internetauftritts, inklusive seiner Inhalte und der dort angebotenen Leistungen, verarbeitet.<\/p>\n<p>&nbsp;<\/p>\n<p>Wenn Sie diese Website nutzen, werden verschiedene personenbezogene Daten erhoben. Das sind Daten, mit denen Sie pers\u00f6nlich identifiziert werden k\u00f6nnen. Diese Datenschutzerkl\u00e4rung informiert dar\u00fcber, welche Daten wir wie erheben beziehungsweise verarbeiten und wof\u00fcr wir sie nutzen. Wir weisen darauf hin, dass die Daten\u00fcbertragung im Internet (z. B. bei der Kommunikation per E-Mail) generell Sicherheitsl\u00fccken aufweisen kann.<\/p>\n<p>&nbsp;<\/p>\n<p>Diese Datenschutzerkl\u00e4rung gilt f\u00fcr das Internet-Angebot der SONEX ENERGIE Gesellschaft m.b.H. (nachfolgend \u201eSONEX\u201c oder \u201eWir\u201c). Sie gilt nicht f\u00fcr andere Internet-Angebote, auf die wir durch einen Link lediglich verweisen.<\/p>\n<p>&nbsp;<\/p>\n<h5><strong>Erfassung allgemeiner Informationen beim Besuch unser Website<\/strong><\/h5>\n<p>&nbsp;<\/p>\n<p>Wenn Sie auf unsere Website zugreifen, d.h. auch wenn Sie sich nicht registrieren oder anderweitig Informationen an uns \u00fcbermitteln, werden automatisch allgemeine Informationen erfasst. Diese Informationen (\u201eServer-Logfiles\u201c) beinhalten die IP-Adresse oder Hostname des anfragenden Rechners, das Datum und Uhrzeit der Anfrage, aufgerufene Seite\/Name der abgerufenen Datei, \u00fcbertragene Datenmenge, Meldung, ob der Zugriff\/Abruf erfolgreich war, Internet-Adresse, von der aus die Seite bzw. Datei abgerufen bzw. die gew\u00fcnschte Funktion veranlasst wurde, der verwendete Web-Browser, Spracheinstellungen und Betriebssystem, \u201eLeaving-Page\u201c (auf welcher URL hat der Benutzer die Website verlassen), ISP (Internet Service Provider).<\/p>\n<p>&nbsp;<\/p>\n<p>Diese Daten werden insbesondere zu folgenden Zwecken verarbeitet:<\/p>\n<p>&nbsp;<\/p>\n<p>Sicherstellung eines sicheren und stabilen Verbindungsaufbaus mit der Website; Sicherstellung der reibungslosen Nutzung unserer Website; Auswertung der Systemstabilit\u00e4t und -sicherheit sowie weitere administrative Zwecke.<\/p>\n<p>&nbsp;<\/p>\n<p>Ihre Daten werden nicht verwenden, um R\u00fcckschl\u00fcsse auf Ihre Person zu ziehen. Informationen dieser Art werden von uns lediglich gegebenenfalls statistisch ausgewertet, um unseren Internetauftritt und die dahinterstehende Technik zu verbessern.<\/p>\n<p>&nbsp;<\/p>\n<p>Der Websitenbetreiber beh\u00e4lt es sich vor, im Falle von Bekanntwerden rechtswidriger T\u00e4tigkeiten, diese Daten auszuwerten oder zu \u00fcberpr\u00fcfen.<\/p>\n<p>&nbsp;<\/p>\n<p>Die Verarbeitung erfolgt gem\u00e4\u00df Art. 6 Abs. 1 S. 1 lit. f DS-GVO auf Grundlage unseres berechtigten Interesses an der Verbesserung der Funktionalit\u00e4t und Stabilit\u00e4t unserer Website. Diesbez\u00fcgliche Empf\u00e4nger der Daten sind nur technische Dienstleister, die f\u00fcr den Betrieb und die Wartung unserer Website als Auftragsverarbeiter t\u00e4tig werden.<\/p>\n<p>&nbsp;<\/p>\n<p>Ihre Daten werden gel\u00f6scht, sobald diese f\u00fcr den Zweck der Erhebung nicht mehr erforderlich sind. Dies ist bei Daten, die nur der Bereitstellung der Website dienen, grunds\u00e4tzlich der Fall, wenn die jeweilige Sitzung beendet ist.<\/p>\n<p>&nbsp;<\/p>\n<p>Die Bereitstellung der vorgenannten personenbezogenen Daten ist weder gesetzlich noch vertraglich vorgeschrieben. Ohne eine IP-Adresse kann die Funktionsf\u00e4higkeit unserer Website jedoch nicht gew\u00e4hrleistet werden. Zudem k\u00f6nnten einzelne Dienste oder Funktionen nicht verf\u00fcgbar beziehungsweise eingeschr\u00e4nkt sein. Aus diesem Grund ist ein Widerspruch ausgeschlossen.<\/p>\n<p>&nbsp;<\/p>\n<h5><strong>Kontakt mit uns<\/strong><\/h5>\n<p>&nbsp;<\/p>\n<p>Wenn Sie uns, entweder \u00fcber unser Kontaktformular auf unserer Website, oder per E-Mail kontaktieren, werden die von Ihnen an uns \u00fcbermittelten Daten zum Zwecke der Bearbeitung Ihrer Anfrage oder f\u00fcr den Fall von weiteren Anschlussfragen bei uns gespeichert. Es erfolgt, ohne Ihre Einwilligung, keine Weitergabe Ihrer \u00fcbermittelten Daten.<\/p>\n<p>&nbsp;<\/p>\n<p>Wir setzen keine automatisierte Entscheidungsfindung, einschlie\u00dflich Profiling im Sinne von Art. 13 Abs. 2 lit. f DS-GVO i.V.m. Art. 22 DS-GVO ein.<\/p>\n<p>&nbsp;<\/p>\n<p>Sofern Sie uns eine Einwilligung erteilt haben, k\u00f6nnen Sie diese jederzeit mit Wirkung f\u00fcr die Zukunft widerrufen. Dazu gen\u00fcgt eine formlose Mitteilung per E-Mail an uns. Die Rechtm\u00e4\u00dfigkeit der bis zum Widerruf erfolgten Datenverarbeitung bleibt vom Widerruf jedoch unber\u00fchrt.<\/p>\n<p>&nbsp;<\/p>\n<h5><strong>Auftragserteilung<\/strong><\/h5>\n<p>&nbsp;<\/p>\n<p>Sie haben die M\u00f6glichkeit sich mit uns f\u00fcr eine m\u00f6gliche Auftragserteilung in Verbindung zu setzen. In diesem Fall erheben wir zum Zwecke der diesbez\u00fcglichen Vertragserf\u00fcllung beziehungsweise von vorvertraglichen Verpflichtungen die uns von Ihnen \u00fcbersandten Daten, wie beispielsweise Name, Titel und akademische Grade; Adress- und Kontaktdaten; Geburtsdatum; Zahlungsdaten; Beschreibung des Sachverhalts.<\/p>\n<p>&nbsp;<\/p>\n<p>Ihre Daten werden zur Vertragserf\u00fcllung beziehungsweise Erf\u00fcllung vorvertraglicher Pflichten gem\u00e4\u00df Art. 6 Abs. 1 S. 1 lit. b DS-GVO verarbeitet.<\/p>\n<p>&nbsp;<\/p>\n<p>Ihre Daten werden nach der Erhebung so lange gespeichert, wie dies unter Beachtung der gesetzlichen Aufbewahrungsfristen f\u00fcr die Bearbeitung des Auftrages erforderlich ist. Auch nach Abschluss des Auftrages kann es demnach rechtlich erforderlich sein, personenbezogene Daten von Ihnen zu speichern, um vertraglichen oder gesetzlichen Verpflichtungen nachzukommen.<\/p>\n<p>&nbsp;<\/p>\n<h5><strong>Kontaktformular<\/strong><\/h5>\n<p>&nbsp;<\/p>\n<p>Die von Ihnen eingegebenen Daten werden zur individuellen Kommunikation mit Ihnen gespeichert. Hierf\u00fcr ist die Angabe einer g\u00fcltigen E-Mail-Adresse sowie Ihres Namens erforderlich. Diese Daten sowie Zeitstempel dienen der Zuordnung Ihrer Anfrage und der anschlie\u00dfenden Beantwortung derselben. Die Angabe weiterer Daten ist optional.<\/p>\n<p>&nbsp;<\/p>\n<p>Die Verarbeitung der in das Kontaktformular eingegebenen Daten erfolgt auf der Grundlage eines berechtigten Interesses (Art. 6 Abs. 1 S. 1 lit. f DS-GVO). Durch Bereitstellung des Kontaktformulars m\u00f6chten wir Ihnen eine unkomplizierte Kontaktaufnahme erm\u00f6glichen.<\/p>\n<p>&nbsp;<\/p>\n<p>Sofern Sie mit uns Kontakt aufnehmen, um ein Angebot zu erfragen, erfolgt die Verarbeitung der in das Kontaktformular eingegebenen Daten zur Durchf\u00fchrung vorvertraglicher Ma\u00dfnahmen (Art. 6 Abs. 1 S. 1 lit. b DS-GVO).<\/p>\n<p>&nbsp;<\/p>\n<p>Sofern es zu einem Vertragsverh\u00e4ltnis kommt, unterliegen wir den gesetzlichen Aufbewahrungsfristen und l\u00f6schen Ihre Daten nach Ablauf dieser Fristen.<\/p>\n<p>&nbsp;<\/p>\n<p>Die Bereitstellung Ihrer personenbezogenen Daten erfolgt freiwillig. Wir k\u00f6nnen Ihre Anfrage jedoch nur bearbeiten, sofern Sie uns Ihren Namen, Ihre E-Mail-Adresse und den Grund der Anfrage mitteilen.<\/p>\n<p>&nbsp;<\/p>\n<h5><strong>Cookies<\/strong><\/h5>\n<p>&nbsp;<\/p>\n<p>Wie viele andere Websites verwenden auch wir so genannte \u201eCookies\u201c. Dabei handelt es sich um kleine Textdateien, die auf Ihrem Endger\u00e4t (PC, Laptop, Tablet, Smartphone oder \u00e4hnliche) gespeichert werden. Einige Cookies sind f\u00fcr die Funktionsf\u00e4higkeit unserer Website erforderlich, andere werden erst durch Ihre Einwilligung aktiviert.<\/p>\n<p>&nbsp;<\/p>\n<p>Hierdurch erhalten wir bestimmte Daten wie zum Beispiel Ihre IP-Adresse, Ihren verwendeten Browser und Ihr Betriebssystem. Wir m\u00f6chten darauf hinweisen, dass Cookies nicht verwendet werden k\u00f6nnen, um Programme zu starten oder Viren auf einen Computer zu \u00fcbertragen. Anhand der in den Cookies enthaltenen Informationen k\u00f6nnen wir Ihnen jedoch die Navigation erleichtern und die korrekte Anzeige unserer Website gew\u00e4hrleisten.<\/p>\n<p>&nbsp;<\/p>\n<p>Nat\u00fcrlich k\u00f6nnen Sie unsere Website grunds\u00e4tzlich auch ohne Cookies besuchen. Internet-Browser sind regelm\u00e4\u00dfig so eingestellt, dass sie Cookies akzeptieren. Im Allgemeinen k\u00f6nnen Sie die Verwendung von Cookies jederzeit \u00fcber die Einstellungen Ihres Browsers deaktivieren. Verwenden Sie die Hilfefunktionen Ihres Internetbrowsers, um zu erfahren, wie Sie diese Einstellungen \u00e4ndern k\u00f6nnen. Beachten Sie jedoch, dass einzelne Funktionen unserer Websites m\u00f6glicherweise dann nicht zur Verf\u00fcgung stehen.<\/p>\n<p>&nbsp;<\/p>\n<h5><strong>Verlinkungen<\/strong><\/h5>\n<p>&nbsp;<\/p>\n<p>Unsere Website enth\u00e4lt Links zu externen Websites Dritter, auf deren Inhalte wir keinen Einfluss haben. F\u00fcr diese fremden Inhalte k\u00f6nnen wir keine Gew\u00e4hr \u00fcbernehmen und distanzieren uns ausdr\u00fccklich von den verlinkten Seiten. F\u00fcr die Inhalte der verlinkten Seiten ist stets der jeweilige Anbieter oder Betreiber der Seiten verantwortlich. Die verlinkten Seiten wurden zum Zeitpunkt der Verlinkung auf m\u00f6gliche Rechtsverst\u00f6\u00dfe \u00fcberpr\u00fcft. Rechtswidrige Inhalte waren zum Zeitpunkt der Verlinkung nicht erkennbar. Sollten uns Rechtsverletzungen bekannt werden, werden wir die entsprechende Verlinkung umgehend entfernen.<\/p>\n<p>&nbsp;<\/p>\n<p>Dar\u00fcber hinaus bieten wir Verlinkungen zu folgenden Social und Business Media Plattformen an:<\/p>\n<p>&nbsp;<\/p>\n<p>LinkedIn: LinkedIn Ireland Unlimited Company, Wilton Place, Dublin 2, Ireland<br \/>\nXing: New York SE, Dammtorstra\u00dfe 30, D-20354 Hamburg<\/p>\n<p>&nbsp;<\/p>\n<p>Durch Anklicken der verlinkten Grafik werden Sie zu den Diensten der jeweiligen Anbieter weitergeleitet. Erst dadurch werden Ihre Daten an die jeweiligen Anbieter gesendet. Sofern Sie die Grafik nicht anklicken, findet kein Austausch zwischen Ihnen und den Anbietern der Plattformen statt. Weitere Informationen \u00fcber die Erhebung und Verwendung Ihrer Daten in den sozialen Netzwerken finden Sie in den jeweiligen Nutzungsbedingungen der entsprechenden Anbieter.<\/p>\n<p>&nbsp;<\/p>\n<h5><strong>Google Maps<\/strong><\/h5>\n<p>&nbsp;<\/p>\n<p>Unsere Website verwendet Funktionen des Webkartendienstes \u201eGoogle Maps\u201c. Der Dienstanbieter dieser Funktion ist:<br \/>\nGoogle Ireland Limited Gordon House, Barrow Street Dublin 4, Ireland<\/p>\n<p>&nbsp;<\/p>\n<p>Im Zuge der Nutzung von Google Maps ist es notwendig Ihre IP-Adresse zu speichern und zu verarbeiten. Google \u00fcbertr\u00e4gt in der Regel an einen Server in den USA und speichert die Daten dort. Die Verarbeitung geschieht durch den Diensteanbieter (oben genannt), der Betreiber dieser Website hat keinen Einfluss auf die \u00dcbertragung der Daten.<\/p>\n<p>&nbsp;<\/p>\n<p>Die Datenverarbeitung erfolgt auf Basis der gesetzlichen Bestimmungen des \u00a7 96 Abs 3 TKG sowie des Art 6 Abs 1 lit f (berechtigtes Interesse) der DS-GVO. Die Nutzung von Google Maps erh\u00f6ht die Auffindbarkeit der Orte, welche auf unserer Website bereitgestellt werden.<\/p>\n<p>&nbsp;<\/p>\n<p>Weitere Informationen \u00fcber den Umgang mit Nutzerdaten des Diensteanbieters \u201eGoogle\u201c k\u00f6nnen Sie der Datenschutzerkl\u00e4rung entnehmen:<br \/>\nhttps:\/\/policies.google.com\/privacy?hl=de<\/p>\n<p>&nbsp;<\/p>\n<p>Google verarbeitet die Daten auch in den USA, hat sich jedoch dem EU-US Privacy-Shield unterworfen.<br \/>\nhttps:\/\/www.privacyshield.gov\/EU-US-Framework<\/p>\n<p>&nbsp;<\/p>\n<h5><strong>Google Fonts<\/strong><\/h5>\n<p>&nbsp;<\/p>\n<p>Unsere Website verwendet Schriftarten von \u201eGoogle Fonts\u201c. Der Dienstanbieter dieser Funktion ist:<br \/>\nGoogle Ireland Limited Gordon House, Barrow Street Dublin 4, Ireland<\/p>\n<p>&nbsp;<\/p>\n<p>Beim Aufrufen dieser Website l\u00e4dt Ihr Browser Schriftarten und speichert diese in den Cache. Da Sie, als Besucher der Website, Daten des Dienstanbieters empfangen kann Google unter Umst\u00e4nden Cookies auf Ihrem Rechner setzen oder analysieren.<\/p>\n<p>&nbsp;<\/p>\n<p>Die Nutzung von \u201eGoogle-Fonts\u201c dient der Optimierung unserer Dienstleistung und der einheitlichen Darstellung von Inhalten. Dies stellt ein berechtigtes Interesse im Sinne von Art. 6 Abs. 1 lit. f DSGVO dar.<\/p>\n<p>&nbsp;<\/p>\n<p>Weitere Informationen zu Google Fonts erhalten Sie unter folgendem Link:<br \/>\nhttps:\/\/developers.google.com\/fonts\/faq<\/p>\n<p>&nbsp;<\/p>\n<p>Weitere Informationen \u00fcber den Umgang mit Nutzerdaten von Google k\u00f6nnen Sie der Datenschutzerkl\u00e4rung entnehmen:<br \/>\nhttps:\/\/policies.google.com\/privacy?hl=de<\/p>\n<p>&nbsp;<\/p>\n<p>Google verarbeitet die Daten auch in den USA, hat sich jedoch dem EU-US Privacy-Shield unterworfen.<br \/>\nhttps:\/\/www.privacyshield.gov\/EU-US-Framework<\/p>\n<p>&nbsp;<\/p>\n<h5><strong>SSL-Verschl\u00fcsselung<\/strong><\/h5>\n<p>&nbsp;<\/p>\n<p>Um die Sicherheit Ihrer Daten bei der \u00dcbertragung zu sch\u00fctzen, verwenden wir Verschl\u00fcsselungsverfahren \u00fcber HTTPS, die dem aktuellen Stand der Technik entsprechen, zum Beispiel SSL.<\/p>\n<p>&nbsp;<\/p>\n<h5><strong>\u00c4nderung unserer Datenschutzbestimmungen<\/strong><\/h5>\n<p>&nbsp;<\/p>\n<p>Wir behalten uns vor, diese Datenschutzerkl\u00e4rung anzupassen, damit diese stets den aktuellen datenschutzrechtlichen Anforderungen entspricht oder um \u00c4nderungen unserer Leistungen in der Datenschutzerkl\u00e4rung umzusetzen. F\u00fcr Ihren Besuch gilt die jeweils aktuelle Datenschutzerkl\u00e4rung.<\/p>\n<p>&nbsp;<\/p>\n","protected":false},"excerpt":{"rendered":"<p>&nbsp; Datenschutzerkl\u00e4rung Stand: 26. Februar 2024 &nbsp; Allgemeines &nbsp; Wir freuen uns, dass Sie unsere Website besuchen und bedanken uns f\u00fcr Ihr Interesse an unseren Leistungen. Als Betreiber dieser Website nehmen wie den Schutz Ihrer Daten sehr ernst. &nbsp; Wir erheben und verarbeiten Ihre personenbezogenen Daten vertraulich und entsprechend gesetzlicher Bestimmungen (Datenschutzgrundverordnung, Telekommunikationsgesetz 2003) sowie [&hellip;]<\/p>\n","protected":false},"author":3,"featured_media":0,"parent":0,"menu_order":0,"comment_status":"closed","ping_status":"closed","template":"page-no-title","meta":{"_uag_custom_page_level_css":"","footnotes":""},"class_list":["post-468","page","type-page","status-publish","hentry"],"uagb_featured_image_src":{"full":false,"thumbnail":false,"medium":false,"medium_large":false,"large":false,"1536x1536":false,"2048x2048":false},"uagb_author_info":{"display_name":"sxpeQ8","author_link":"https:\/\/sonex-energie.com\/?author=3"},"uagb_comment_info":0,"uagb_excerpt":"&nbsp; Datenschutzerkl\u00e4rung Stand: 26. Februar 2024 &nbsp; Allgemeines &nbsp; Wir freuen uns, dass Sie unsere Website besuchen und bedanken uns f\u00fcr Ihr Interesse an unseren Leistungen. Als Betreiber dieser Website nehmen wie den Schutz Ihrer Daten sehr ernst. &nbsp; Wir erheben und verarbeiten Ihre personenbezogenen Daten vertraulich und entsprechend gesetzlicher Bestimmungen (Datenschutzgrundverordnung, Telekommunikationsgesetz 2003) sowie&hellip;","_links":{"self":[{"href":"https:\/\/sonex-energie.com\/index.php?rest_route=\/wp\/v2\/pages\/468","targetHints":{"allow":["GET"]}}],"collection":[{"href":"https:\/\/sonex-energie.com\/index.php?rest_route=\/wp\/v2\/pages"}],"about":[{"href":"https:\/\/sonex-energie.com\/index.php?rest_route=\/wp\/v2\/types\/page"}],"author":[{"embeddable":true,"href":"https:\/\/sonex-energie.com\/index.php?rest_route=\/wp\/v2\/users\/3"}],"replies":[{"embeddable":true,"href":"https:\/\/sonex-energie.com\/index.php?rest_route=%2Fwp%2Fv2%2Fcomments&post=468"}],"version-history":[{"count":2,"href":"https:\/\/sonex-energie.com\/index.php?rest_route=\/wp\/v2\/pages\/468\/revisions"}],"predecessor-version":[{"id":1093,"href":"https:\/\/sonex-energie.com\/index.php?rest_route=\/wp\/v2\/pages\/468\/revisions\/1093"}],"wp:attachment":[{"href":"https:\/\/sonex-energie.com\/index.php?rest_route=%2Fwp%2Fv2%2Fmedia&parent=468"}],"curies":[{"name":"wp","href":"https:\/\/api.w.org\/{rel}","templated":true}]}}