{"id":10,"date":"2024-09-05T13:46:50","date_gmt":"2024-09-05T13:46:50","guid":{"rendered":"https:\/\/sonex-energie.com\/?page_id=10"},"modified":"2024-09-13T12:35:35","modified_gmt":"2024-09-13T12:35:35","slug":"nutzungsbedingungenn","status":"publish","type":"page","link":"https:\/\/sonex-energie.com\/?page_id=10","title":{"rendered":"Nutzungsbedingungen"},"content":{"rendered":"<p>&nbsp;<\/p>\n<p>&nbsp;<\/p>\n<h4><strong>NUTZUNGSBEDINGUNGEN<\/strong><\/h4>\n<p>&nbsp;<\/p>\n<h5><strong>Anwendungsbereich<\/strong><\/h5>\n<p>&nbsp;<\/p>\n<p>Diese Nutzungsbedingungen gelten f\u00fcr das Internet-Angebot der SONEX ENERGIE Gesellschaft m.b.H. Sie gelten nicht f\u00fcr andere Websiten, auf die wir durch einen Link lediglich verweisen.<\/p>\n<p>&nbsp;<\/p>\n<h5><strong>Inhalte<\/strong><\/h5>\n<p>&nbsp;<\/p>\n<p>Wir stellen unser Internet-Angebot kostenfrei und ohne Zugangsbeschr\u00e4nkung zur Verf\u00fcgung. Durch die Nutzung unseres Internet-Angebots oder die Kontaktaufnahme mit uns kommt kein Vertrag mit uns zustande. Es besteht kein Anspruch auf ununterbrochene Verf\u00fcgbarkeit unseres Internet-Angebots.<\/p>\n<p>&nbsp;<\/p>\n<p>Informationen in unserem Internet-Angebot dienen lediglich Informationszwecken. Sie stellen keine Beratung dar. Sie k\u00f6nnen insbesondere keine individuelle Beratung ersetzen, welche die Besonderheiten des Einzelfalles ber\u00fccksichtigt. Soweit wir \u00fcber F\u00e4lle, insbesondere Gerichtsentscheidungen berichten, darf aus deren Ergebnissen nicht auf einen \u00e4hnlichen Ausgang in anderen F\u00e4llen geschlossen werden.<\/p>\n<p>&nbsp;<\/p>\n<p>Wir bem\u00fchen uns, alle in unserem Internet-Angebot bereit gestellten Informationen mit Sorgfalt auszuw\u00e4hlen und bei Bedarf zu aktualisieren oder zu erg\u00e4nzen. F\u00fcr Aktualit\u00e4t, Vollst\u00e4ndigkeit und Richtigkeit der Informationen in unserem Internet-Angebot k\u00f6nnen wir dennoch keine Gew\u00e4hr \u00fcbernehmen. Dies gilt insbesondere bei \u00c4nderungen von Technischen Regeln, Rechtsvorschriften oder der Rechtsprechung.<\/p>\n<p>&nbsp;<\/p>\n<p>Wir behalten uns vor, ohne vorherige Ank\u00fcndigung und nach freiem Ermessen Informationen in unserem Internet-Angebot ganz oder teilweise zu \u00e4ndern, zu aktualisieren, zu erg\u00e4nzen oder zu l\u00f6schen.<\/p>\n<p>&nbsp;<\/p>\n<h5><strong>Verantwortlichkeit<\/strong><\/h5>\n<p>&nbsp;<\/p>\n<p>Wir sind als Diensteanbieter im Sinne des Telemedienrechts f\u00fcr eigene Informationen, die wir in unserem Internet-Angebot zur Nutzung bereithalten, nach den allgemeinen Gesetzen verantwortlich.<\/p>\n<p>&nbsp;<\/p>\n<p>Von diesen eigenen Informationen in unserem Internet-Angebot sind u.a. Querverweise (Links) auf die von anderen Diensteanbietern bereit gehaltenen Informationen zu unterscheiden. Die Verantwortlichkeit f\u00fcr solche Informationen liegt alleine bei dem Diensteanbieter, der die Informationen als eigene bereit h\u00e4lt. Informationen in solchen Internet-Angeboten k\u00f6nnen jederzeit ohne unser Wissen ge\u00e4ndert werden. Falls wir auf Websiten verweisen sollten, deren Inhalt Anlass zur Beanstandung gibt, bitten wir um Mitteilung.<\/p>\n<p>&nbsp;<\/p>\n<h5><strong>Urheber- und Nutzungsrechte<\/strong><\/h5>\n<p>&nbsp;<\/p>\n<p>Unser Internet-Angebot ist sowohl als ganzes als auch in Teilen rechtlich gesch\u00fctzt. Insbesondere werden Inhalte und Dateien in unserem Internet-Angebot durch das Urheberrechtsgesetz und internationale Abkommen weltweit gesch\u00fctzt. Dies gilt auch f\u00fcr Auswahl und Anordnung der Informationen, Texte, Tabellen, Grafiken, Bildmaterial und Videosequenzen.<\/p>\n<p>&nbsp;<\/p>\n<p>Wir sind damit einverstanden, dass Sie Inhalte unseres Internet-Angebots zum pers\u00f6nlichen Gebrauch oder zum internen Gebrauch innerhalb Ihres Unternehmens oder Ihrer Organisation ausdrucken. Gleiches gilt f\u00fcr das Herunterladen und Speichern von Inhalten, soweit dies zu Ihrem pers\u00f6nlichen Gebrauch oder zum Gebrauch innerhalb Ihres Unternehmens oder Ihrer Organisation erfolgt.<\/p>\n<p>&nbsp;<\/p>\n<p>Dar\u00fcber Hinaus bedarf die Vervielf\u00e4ltigung, Bearbeitung, Verbreitung und\/oder \u00f6ffentliche Zug\u00e4nglichmachung rechtlicher gesch\u00fctzter Inhalte \u2013 soweit nicht kraft Gesetzes erlaubt \u2013 der vorherigen Zustimmung des Rechteinhabers. Wir sind insbesondere nicht damit einverstanden, dass eine zu unserem Internet-Angebot geh\u00f6rende Website oder Datei mittels eines Links in einem Fenster (Frame) eingebunden oder zum Beispiel mittels Inline-Links dargestellt wird, so dass der Eindruck entsteht, die Website oder Datei unseres Internet-Angebots sei Teil eines anderen Internet-Angebots.<\/p>\n<p>&nbsp;<\/p>\n<p>Alle Rechte bleiben vorbehalten.<\/p>\n<p>Copyright 2024 SONEX ENERGIE Gesellschaft m.b.H.<\/p>\n<p>&nbsp;<\/p>\n","protected":false},"excerpt":{"rendered":"<p>&nbsp; &nbsp; NUTZUNGSBEDINGUNGEN &nbsp; Anwendungsbereich &nbsp; Diese Nutzungsbedingungen gelten f\u00fcr das Internet-Angebot der SONEX ENERGIE Gesellschaft m.b.H. Sie gelten nicht f\u00fcr andere Websiten, auf die wir durch einen Link lediglich verweisen. &nbsp; Inhalte &nbsp; Wir stellen unser Internet-Angebot kostenfrei und ohne Zugangsbeschr\u00e4nkung zur Verf\u00fcgung. Durch die Nutzung unseres Internet-Angebots oder die Kontaktaufnahme mit uns kommt [&hellip;]<\/p>\n","protected":false},"author":3,"featured_media":0,"parent":0,"menu_order":0,"comment_status":"closed","ping_status":"closed","template":"page-no-title","meta":{"_uag_custom_page_level_css":"","footnotes":""},"class_list":["post-10","page","type-page","status-publish","hentry"],"uagb_featured_image_src":{"full":false,"thumbnail":false,"medium":false,"medium_large":false,"large":false,"1536x1536":false,"2048x2048":false},"uagb_author_info":{"display_name":"sxpeQ8","author_link":"https:\/\/sonex-energie.com\/?author=3"},"uagb_comment_info":0,"uagb_excerpt":"&nbsp; &nbsp; NUTZUNGSBEDINGUNGEN &nbsp; Anwendungsbereich &nbsp; Diese Nutzungsbedingungen gelten f\u00fcr das Internet-Angebot der SONEX ENERGIE Gesellschaft m.b.H. Sie gelten nicht f\u00fcr andere Websiten, auf die wir durch einen Link lediglich verweisen. &nbsp; Inhalte &nbsp; Wir stellen unser Internet-Angebot kostenfrei und ohne Zugangsbeschr\u00e4nkung zur Verf\u00fcgung. Durch die Nutzung unseres Internet-Angebots oder die Kontaktaufnahme mit uns kommt&hellip;","_links":{"self":[{"href":"https:\/\/sonex-energie.com\/index.php?rest_route=\/wp\/v2\/pages\/10","targetHints":{"allow":["GET"]}}],"collection":[{"href":"https:\/\/sonex-energie.com\/index.php?rest_route=\/wp\/v2\/pages"}],"about":[{"href":"https:\/\/sonex-energie.com\/index.php?rest_route=\/wp\/v2\/types\/page"}],"author":[{"embeddable":true,"href":"https:\/\/sonex-energie.com\/index.php?rest_route=\/wp\/v2\/users\/3"}],"replies":[{"embeddable":true,"href":"https:\/\/sonex-energie.com\/index.php?rest_route=%2Fwp%2Fv2%2Fcomments&post=10"}],"version-history":[{"count":3,"href":"https:\/\/sonex-energie.com\/index.php?rest_route=\/wp\/v2\/pages\/10\/revisions"}],"predecessor-version":[{"id":1092,"href":"https:\/\/sonex-energie.com\/index.php?rest_route=\/wp\/v2\/pages\/10\/revisions\/1092"}],"wp:attachment":[{"href":"https:\/\/sonex-energie.com\/index.php?rest_route=%2Fwp%2Fv2%2Fmedia&parent=10"}],"curies":[{"name":"wp","href":"https:\/\/api.w.org\/{rel}","templated":true}]}}